{"id":1659,"date":"2021-06-12T06:25:44","date_gmt":"2021-06-12T06:25:44","guid":{"rendered":"https:\/\/vm-automatisierung.com\/?page_id=1659"},"modified":"2024-06-11T10:33:13","modified_gmt":"2024-06-11T10:33:13","slug":"dienstleistungen","status":"publish","type":"page","link":"https:\/\/vm-automatisierung.com\/?page_id=1659","title":{"rendered":"Dienstleistungen"},"content":{"rendered":"\t\t<div data-elementor-type=\"wp-page\" data-elementor-id=\"1659\" class=\"elementor elementor-1659\">\n\t\t\t\t<div class=\"elementor-element elementor-element-0ac9d44 e-flex e-con-boxed e-con e-parent\" data-id=\"0ac9d44\" data-element_type=\"container\" data-e-type=\"container\" data-settings=\"{&quot;background_background&quot;:&quot;classic&quot;}\">\n\t\t\t\t\t<div class=\"e-con-inner\">\n\t\t<div class=\"elementor-element elementor-element-de3bad6 e-con-full e-flex e-con e-child\" data-id=\"de3bad6\" data-element_type=\"container\" data-e-type=\"container\">\n\t\t\t\t<div class=\"elementor-element elementor-element-ad72e4f elementor-widget elementor-widget-heading\" data-id=\"ad72e4f\" data-element_type=\"widget\" data-e-type=\"widget\" data-widget_type=\"heading.default\">\n\t\t\t\t<div class=\"elementor-widget-container\">\n\t\t\t\t\t<h1 class=\"elementor-heading-title elementor-size-default\">Dienstleistungen<\/h1>\t\t\t\t<\/div>\n\t\t\t\t<\/div>\n\t\t\t\t<\/div>\n\t\t\t\t\t<\/div>\n\t\t\t\t<\/div>\n\t\t<div class=\"elementor-element elementor-element-84e5eb4 e-flex e-con-boxed e-con e-parent\" data-id=\"84e5eb4\" data-element_type=\"container\" data-e-type=\"container\" data-settings=\"{&quot;background_background&quot;:&quot;classic&quot;}\">\n\t\t\t\t\t<div class=\"e-con-inner\">\n\t\t<div class=\"elementor-element elementor-element-ebb2f07 e-con-full e-flex e-con e-child\" data-id=\"ebb2f07\" data-element_type=\"container\" data-e-type=\"container\">\n\t\t\t\t<div class=\"elementor-element elementor-element-ef26ff0 elementor-widget elementor-widget-heading\" data-id=\"ef26ff0\" data-element_type=\"widget\" data-e-type=\"widget\" data-widget_type=\"heading.default\">\n\t\t\t\t<div class=\"elementor-widget-container\">\n\t\t\t\t\t<h6 class=\"elementor-heading-title elementor-size-default\">Unsere Dienstleistungen<\/h6>\t\t\t\t<\/div>\n\t\t\t\t<\/div>\n\t\t\t\t<div class=\"elementor-element elementor-element-4dd7fe9 elementor-widget elementor-widget-heading\" data-id=\"4dd7fe9\" data-element_type=\"widget\" data-e-type=\"widget\" data-widget_type=\"heading.default\">\n\t\t\t\t<div class=\"elementor-widget-container\">\n\t\t\t\t\t<h2 class=\"elementor-heading-title elementor-size-default\">Egal welche Unternehmensgr\u00f6\u00dfe oder Automatisierungslevel <\/h2>\t\t\t\t<\/div>\n\t\t\t\t<\/div>\n\t\t\t\t<div class=\"elementor-element elementor-element-0fd0a8b elementor-widget elementor-widget-spacer\" data-id=\"0fd0a8b\" data-element_type=\"widget\" data-e-type=\"widget\" data-widget_type=\"spacer.default\">\n\t\t\t\t<div class=\"elementor-widget-container\">\n\t\t\t\t\t\t\t<div class=\"elementor-spacer\">\n\t\t\t<div class=\"elementor-spacer-inner\"><\/div>\n\t\t<\/div>\n\t\t\t\t\t\t<\/div>\n\t\t\t\t<\/div>\n\t\t<div class=\"elementor-element elementor-element-9b2f3c1 e-flex e-con-boxed e-con e-child\" data-id=\"9b2f3c1\" data-element_type=\"container\" data-e-type=\"container\" id=\"support\">\n\t\t\t\t\t<div class=\"e-con-inner\">\n\t\t<div class=\"elementor-element elementor-element-62caf12 e-con-full e-flex e-con e-child\" data-id=\"62caf12\" data-element_type=\"container\" data-e-type=\"container\">\n\t\t\t\t<div class=\"elementor-element elementor-element-a19399a elementor-widget__width-inherit elementor-widget elementor-widget-image\" data-id=\"a19399a\" data-element_type=\"widget\" data-e-type=\"widget\" data-widget_type=\"image.default\">\n\t\t\t\t<div class=\"elementor-widget-container\">\n\t\t\t\t\t\t\t\t\t\t\t\t\t\t\t<img fetchpriority=\"high\" decoding=\"async\" width=\"1024\" height=\"683\" src=\"https:\/\/vm-automatisierung.com\/wp-content\/uploads\/2023\/12\/Coding-stock-1024x683.jpeg\" class=\"attachment-large size-large wp-image-1711\" alt=\"\" srcset=\"https:\/\/vm-automatisierung.com\/wp-content\/uploads\/2023\/12\/Coding-stock-1024x683.jpeg 1024w, https:\/\/vm-automatisierung.com\/wp-content\/uploads\/2023\/12\/Coding-stock-300x200.jpeg 300w, https:\/\/vm-automatisierung.com\/wp-content\/uploads\/2023\/12\/Coding-stock-768x512.jpeg 768w, https:\/\/vm-automatisierung.com\/wp-content\/uploads\/2023\/12\/Coding-stock.jpeg 1125w\" sizes=\"(max-width: 1024px) 100vw, 1024px\" \/>\t\t\t\t\t\t\t\t\t\t\t\t\t\t\t<\/div>\n\t\t\t\t<\/div>\n\t\t\t\t<\/div>\n\t\t<div class=\"elementor-element elementor-element-61f8f8a e-con-full e-flex e-con e-child\" data-id=\"61f8f8a\" data-element_type=\"container\" data-e-type=\"container\">\n\t\t\t\t<div class=\"elementor-element elementor-element-764b397 elementor-widget elementor-widget-icon-box\" data-id=\"764b397\" data-element_type=\"widget\" data-e-type=\"widget\" data-widget_type=\"icon-box.default\">\n\t\t\t\t<div class=\"elementor-widget-container\">\n\t\t\t\t\t\t\t<div class=\"elementor-icon-box-wrapper\">\n\n\t\t\t\n\t\t\t\t\t\t<div class=\"elementor-icon-box-content\">\n\n\t\t\t\t\t\t\t\t\t<h4 class=\"elementor-icon-box-title\">\n\t\t\t\t\t\t<span  >\n\t\t\t\t\t\t\tSupport\t\t\t\t\t\t<\/span>\n\t\t\t\t\t<\/h4>\n\t\t\t\t\n\t\t\t\t\t\t\t\t\t<p class=\"elementor-icon-box-description\">\n\t\t\t\t\t\tStecken Sie bei der Power Platform fest? Unsere Support-Dienstleistungen bieten kosteng\u00fcnstige Hilfe, damit Sie nicht allein gelassen werden. Wir sind davon \u00fcberzeugt, dass Wissen geteilt werden sollte. Deshalb halten wir keine Geheimnisse dar\u00fcber, wie wir Probleme l\u00f6sen. \n\n<br>\n<br>\n\nMit unserem transparenten Ansatz erm\u00f6glichen wir es Ihnen, sich selbst so weit wie m\u00f6glich zu helfen. Falls Sie dennoch Unterst\u00fctzung ben\u00f6tigen, sind wir hier, um Sie kosteng\u00fcnstig und effizient wieder auf Kurs zu bringen. Verlassen Sie sich auf uns, wenn es darauf ankommt. Ihr Erfolg ist unser Antrieb!\t\t\t\t\t<\/p>\n\t\t\t\t\n\t\t\t<\/div>\n\t\t\t\n\t\t<\/div>\n\t\t\t\t\t\t<\/div>\n\t\t\t\t<\/div>\n\t\t\t\t<\/div>\n\t\t\t\t\t<\/div>\n\t\t\t\t<\/div>\n\t\t\t\t<div class=\"elementor-element elementor-element-06b2186 elementor-widget elementor-widget-spacer\" data-id=\"06b2186\" data-element_type=\"widget\" data-e-type=\"widget\" data-widget_type=\"spacer.default\">\n\t\t\t\t<div class=\"elementor-widget-container\">\n\t\t\t\t\t\t\t<div class=\"elementor-spacer\">\n\t\t\t<div class=\"elementor-spacer-inner\"><\/div>\n\t\t<\/div>\n\t\t\t\t\t\t<\/div>\n\t\t\t\t<\/div>\n\t\t<div class=\"elementor-element elementor-element-681b656 e-flex e-con-boxed e-con e-child\" data-id=\"681b656\" data-element_type=\"container\" data-e-type=\"container\" id=\"prozessbegleitung\">\n\t\t\t\t\t<div class=\"e-con-inner\">\n\t\t<div class=\"elementor-element elementor-element-a771c9f e-con-full e-flex e-con e-child\" data-id=\"a771c9f\" data-element_type=\"container\" data-e-type=\"container\">\n\t\t\t\t<div class=\"elementor-element elementor-element-0d85777 elementor-widget elementor-widget-icon-box\" data-id=\"0d85777\" data-element_type=\"widget\" data-e-type=\"widget\" data-widget_type=\"icon-box.default\">\n\t\t\t\t<div class=\"elementor-widget-container\">\n\t\t\t\t\t\t\t<div class=\"elementor-icon-box-wrapper\">\n\n\t\t\t\n\t\t\t\t\t\t<div class=\"elementor-icon-box-content\">\n\n\t\t\t\t\t\t\t\t\t<h4 class=\"elementor-icon-box-title\">\n\t\t\t\t\t\t<span  >\n\t\t\t\t\t\t\tGesamte Prozessbegleitung\t\t\t\t\t\t<\/span>\n\t\t\t\t\t<\/h4>\n\t\t\t\t\n\t\t\t\t\t\t\t\t\t<p class=\"elementor-icon-box-description\">\n\t\t\t\t\t\tErleben Sie eine nahtlose Prozessbegleitung mit unserem Expertenteam! Wir nehmen Ihnen alle Sorgen ab, die Sie nicht selbst tragen m\u00f6chten. \n\n<br>\n<br>\n\nDank unserer umfassenden Erfahrung k\u00f6nnen wir uns in unterschiedlichste Unternehmenssituationen hineinversetzen und ma\u00dfgeschneiderte L\u00f6sungen bieten. Wir betrachten Ihr Projekt nicht als abgeschlossen, bis Sie zu 100 % zufrieden sind. Lehnen Sie sich zur\u00fcck und vertrauen Sie darauf, dass wir Sie durch den gesamten Prozess begleiten \u2013 von Anfang bis Ende, f\u00fcr Ihren nachhaltigen Erfolg.\t\t\t\t\t<\/p>\n\t\t\t\t\n\t\t\t<\/div>\n\t\t\t\n\t\t<\/div>\n\t\t\t\t\t\t<\/div>\n\t\t\t\t<\/div>\n\t\t\t\t<\/div>\n\t\t<div class=\"elementor-element elementor-element-485321f e-con-full e-flex e-con e-child\" data-id=\"485321f\" data-element_type=\"container\" data-e-type=\"container\">\n\t\t\t\t<div class=\"elementor-element elementor-element-1559e46 elementor-widget__width-inherit elementor-widget elementor-widget-image\" data-id=\"1559e46\" data-element_type=\"widget\" data-e-type=\"widget\" data-widget_type=\"image.default\">\n\t\t\t\t<div class=\"elementor-widget-container\">\n\t\t\t\t\t\t\t\t\t\t\t\t\t\t\t<img decoding=\"async\" width=\"1024\" height=\"682\" src=\"https:\/\/vm-automatisierung.com\/wp-content\/uploads\/2024\/01\/man-chair-computer-1866784-1024x682.jpg\" class=\"attachment-large size-large wp-image-2089\" alt=\"man, chair, computer-1866784.jpg\" srcset=\"https:\/\/vm-automatisierung.com\/wp-content\/uploads\/2024\/01\/man-chair-computer-1866784-1024x682.jpg 1024w, https:\/\/vm-automatisierung.com\/wp-content\/uploads\/2024\/01\/man-chair-computer-1866784-300x200.jpg 300w, https:\/\/vm-automatisierung.com\/wp-content\/uploads\/2024\/01\/man-chair-computer-1866784-768x512.jpg 768w, https:\/\/vm-automatisierung.com\/wp-content\/uploads\/2024\/01\/man-chair-computer-1866784.jpg 1280w\" sizes=\"(max-width: 1024px) 100vw, 1024px\" \/>\t\t\t\t\t\t\t\t\t\t\t\t\t\t\t<\/div>\n\t\t\t\t<\/div>\n\t\t\t\t<\/div>\n\t\t\t\t\t<\/div>\n\t\t\t\t<\/div>\n\t\t\t\t<div class=\"elementor-element elementor-element-58a5c18 elementor-widget elementor-widget-spacer\" data-id=\"58a5c18\" data-element_type=\"widget\" data-e-type=\"widget\" data-widget_type=\"spacer.default\">\n\t\t\t\t<div class=\"elementor-widget-container\">\n\t\t\t\t\t\t\t<div class=\"elementor-spacer\">\n\t\t\t<div class=\"elementor-spacer-inner\"><\/div>\n\t\t<\/div>\n\t\t\t\t\t\t<\/div>\n\t\t\t\t<\/div>\n\t\t<div class=\"elementor-element elementor-element-bd190eb e-flex e-con-boxed e-con e-child\" data-id=\"bd190eb\" data-element_type=\"container\" data-e-type=\"container\" id=\"planung\">\n\t\t\t\t\t<div class=\"e-con-inner\">\n\t\t<div class=\"elementor-element elementor-element-3a9360d e-con-full e-flex e-con e-child\" data-id=\"3a9360d\" data-element_type=\"container\" data-e-type=\"container\">\n\t\t\t\t<div class=\"elementor-element elementor-element-172e672 elementor-widget__width-inherit elementor-widget elementor-widget-image\" data-id=\"172e672\" data-element_type=\"widget\" data-e-type=\"widget\" data-widget_type=\"image.default\">\n\t\t\t\t<div class=\"elementor-widget-container\">\n\t\t\t\t\t\t\t\t\t\t\t\t\t\t\t<img decoding=\"async\" width=\"1024\" height=\"682\" src=\"https:\/\/vm-automatisierung.com\/wp-content\/uploads\/2024\/03\/organization-organization-chart-construction-2478211-e1709908421729-1024x682.jpg\" class=\"attachment-large size-large wp-image-2147\" alt=\"organization, organization chart, construction-2478211.jpg\" srcset=\"https:\/\/vm-automatisierung.com\/wp-content\/uploads\/2024\/03\/organization-organization-chart-construction-2478211-e1709908421729-1024x682.jpg 1024w, https:\/\/vm-automatisierung.com\/wp-content\/uploads\/2024\/03\/organization-organization-chart-construction-2478211-e1709908421729-300x200.jpg 300w, https:\/\/vm-automatisierung.com\/wp-content\/uploads\/2024\/03\/organization-organization-chart-construction-2478211-e1709908421729-768x512.jpg 768w, https:\/\/vm-automatisierung.com\/wp-content\/uploads\/2024\/03\/organization-organization-chart-construction-2478211-e1709908421729.jpg 1280w\" sizes=\"(max-width: 1024px) 100vw, 1024px\" \/>\t\t\t\t\t\t\t\t\t\t\t\t\t\t\t<\/div>\n\t\t\t\t<\/div>\n\t\t\t\t<\/div>\n\t\t<div class=\"elementor-element elementor-element-08a7424 e-con-full e-flex e-con e-child\" data-id=\"08a7424\" data-element_type=\"container\" data-e-type=\"container\">\n\t\t\t\t<div class=\"elementor-element elementor-element-21e6b07 elementor-widget elementor-widget-icon-box\" data-id=\"21e6b07\" data-element_type=\"widget\" data-e-type=\"widget\" data-widget_type=\"icon-box.default\">\n\t\t\t\t<div class=\"elementor-widget-container\">\n\t\t\t\t\t\t\t<div class=\"elementor-icon-box-wrapper\">\n\n\t\t\t\n\t\t\t\t\t\t<div class=\"elementor-icon-box-content\">\n\n\t\t\t\t\t\t\t\t\t<h4 class=\"elementor-icon-box-title\">\n\t\t\t\t\t\t<span  >\n\t\t\t\t\t\t\tPlanung und Implementierung\t\t\t\t\t\t<\/span>\n\t\t\t\t\t<\/h4>\n\t\t\t\t\n\t\t\t\t\t\t\t\t\t<p class=\"elementor-icon-box-description\">\n\t\t\t\t\t\tEntdecken Sie den strategischen Vorteil einer durchdachten Implementierung der Power Platform in Ihrem Unternehmen! Unsere geplante Einf\u00fchrung bedeutet nicht nur effizientere Prozesse, sondern auch eine ma\u00dfgeschneiderte Anpassung an die spezifischen Bed\u00fcrfnisse Ihres Unternehmens. Von optimierter Ressourcennutzung bis hin zu schnellerer Implementierung bietet unser fundierter Ansatz einen klaren Pfad zu nachhaltigem Erfolg. \n\n<br>\n<br>\n\nDank unserer Erfahrung in Rollen-, Aufgaben- und Lizenzverteilungen k\u00f6nnen Sie einen erfolgreichen Start in die Welt der Power-Plattform starten und eine Governance Struktur intern pr\u00e4sentieren.\t\t\t\t\t<\/p>\n\t\t\t\t\n\t\t\t<\/div>\n\t\t\t\n\t\t<\/div>\n\t\t\t\t\t\t<\/div>\n\t\t\t\t<\/div>\n\t\t\t\t<\/div>\n\t\t\t\t\t<\/div>\n\t\t\t\t<\/div>\n\t\t\t\t<div class=\"elementor-element elementor-element-467c552 elementor-widget elementor-widget-spacer\" data-id=\"467c552\" data-element_type=\"widget\" data-e-type=\"widget\" data-widget_type=\"spacer.default\">\n\t\t\t\t<div class=\"elementor-widget-container\">\n\t\t\t\t\t\t\t<div class=\"elementor-spacer\">\n\t\t\t<div class=\"elementor-spacer-inner\"><\/div>\n\t\t<\/div>\n\t\t\t\t\t\t<\/div>\n\t\t\t\t<\/div>\n\t\t<div class=\"elementor-element elementor-element-2a718ef e-flex e-con-boxed e-con e-child\" data-id=\"2a718ef\" data-element_type=\"container\" data-e-type=\"container\" id=\"seminar\">\n\t\t\t\t\t<div class=\"e-con-inner\">\n\t\t<div class=\"elementor-element elementor-element-4a60482 e-con-full e-flex e-con e-child\" data-id=\"4a60482\" data-element_type=\"container\" data-e-type=\"container\">\n\t\t\t\t<div class=\"elementor-element elementor-element-eac7b11 elementor-widget__width-inherit elementor-widget elementor-widget-image\" data-id=\"eac7b11\" data-element_type=\"widget\" data-e-type=\"widget\" data-widget_type=\"image.default\">\n\t\t\t\t<div class=\"elementor-widget-container\">\n\t\t\t\t\t\t\t\t\t\t\t\t\t\t\t<img loading=\"lazy\" decoding=\"async\" width=\"2000\" height=\"1334\" src=\"https:\/\/vm-automatisierung.com\/wp-content\/uploads\/2023\/12\/WhatsApp-Image-2023-12-13-at-16.52.04.jpeg\" class=\"attachment-full size-full wp-image-1692\" alt=\"\" srcset=\"https:\/\/vm-automatisierung.com\/wp-content\/uploads\/2023\/12\/WhatsApp-Image-2023-12-13-at-16.52.04.jpeg 2000w, https:\/\/vm-automatisierung.com\/wp-content\/uploads\/2023\/12\/WhatsApp-Image-2023-12-13-at-16.52.04-300x200.jpeg 300w, https:\/\/vm-automatisierung.com\/wp-content\/uploads\/2023\/12\/WhatsApp-Image-2023-12-13-at-16.52.04-1024x683.jpeg 1024w, https:\/\/vm-automatisierung.com\/wp-content\/uploads\/2023\/12\/WhatsApp-Image-2023-12-13-at-16.52.04-768x512.jpeg 768w, https:\/\/vm-automatisierung.com\/wp-content\/uploads\/2023\/12\/WhatsApp-Image-2023-12-13-at-16.52.04-1536x1025.jpeg 1536w\" sizes=\"(max-width: 2000px) 100vw, 2000px\" \/>\t\t\t\t\t\t\t\t\t\t\t\t\t\t\t<\/div>\n\t\t\t\t<\/div>\n\t\t\t\t<\/div>\n\t\t<div class=\"elementor-element elementor-element-c54bbac e-con-full e-flex e-con e-child\" data-id=\"c54bbac\" data-element_type=\"container\" data-e-type=\"container\">\n\t\t\t\t<div class=\"elementor-element elementor-element-21a23c1 elementor-widget elementor-widget-icon-box\" data-id=\"21a23c1\" data-element_type=\"widget\" data-e-type=\"widget\" data-widget_type=\"icon-box.default\">\n\t\t\t\t<div class=\"elementor-widget-container\">\n\t\t\t\t\t\t\t<div class=\"elementor-icon-box-wrapper\">\n\n\t\t\t\n\t\t\t\t\t\t<div class=\"elementor-icon-box-content\">\n\n\t\t\t\t\t\t\t\t\t<h4 class=\"elementor-icon-box-title\">\n\t\t\t\t\t\t<span  >\n\t\t\t\t\t\t\tSeminare\t\t\t\t\t\t<\/span>\n\t\t\t\t\t<\/h4>\n\t\t\t\t\n\t\t\t\t\t\t\t\t\t<p class=\"elementor-icon-box-description\">\n\t\t\t\t\t\tErweitern Sie Ihr Know-how und setzen Sie auf Erfolg durch unsere exklusiven Seminare! Tauchen Sie ein in praxisorientierte Schulungen, die speziell auf Ihre Bed\u00fcrfnisse zugeschnitten sind. Unsere Seminare bieten nicht nur theoretisches Wissen, sondern auch praxisnahe Einblicke, die Ihnen einen klaren Wettbewerbsvorteil verschaffen.\n\n<br>\n<br>\n\nMit erfahrenen Trainern an Ihrer Seite bieten wir nicht nur Seminare, sondern eine einzigartige Lernreise, die Ihre F\u00e4higkeiten auf ein neues Level hebt. Wir verstehen die Anforderungen unterschiedlichster Unternehmen und passen unsere Seminare entsprechend an.\n\n<br>\n<br>\n\nInvestieren Sie in Ihre berufliche Entwicklung und steigern Sie Ihre Expertise mit unseren ma\u00dfgeschneiderten Seminaren. \nVon Anf\u00e4ngern bis zu erfahrenen Fachleuten bieten wir Ihnen eine umfassende Schulung, um Ihre beruflichen Ziele zu erreichen. Melden Sie sich noch heute an und erleben Sie, wie unsere Seminare Ihren Horizont erweitern und Ihre Karriere vorantreiben k\u00f6nnen!\t\t\t\t\t<\/p>\n\t\t\t\t\n\t\t\t<\/div>\n\t\t\t\n\t\t<\/div>\n\t\t\t\t\t\t<\/div>\n\t\t\t\t<\/div>\n\t\t\t\t<\/div>\n\t\t\t\t\t<\/div>\n\t\t\t\t<\/div>\n\t\t\t\t<\/div>\n\t\t\t\t\t<\/div>\n\t\t\t\t<\/div>\n\t\t<div class=\"elementor-element elementor-element-9e6bca0 e-flex e-con-boxed e-con e-parent\" data-id=\"9e6bca0\" data-element_type=\"container\" data-e-type=\"container\" data-settings=\"{&quot;shape_divider_top&quot;:&quot;opacity-tilt&quot;,&quot;background_background&quot;:&quot;classic&quot;}\">\n\t\t\t\t\t<div class=\"e-con-inner\">\n\t\t\t\t<div class=\"elementor-shape elementor-shape-top\" aria-hidden=\"true\" data-negative=\"false\">\n\t\t\t<svg xmlns=\"http:\/\/www.w3.org\/2000\/svg\" viewBox=\"0 0 2600 131.1\" preserveAspectRatio=\"none\">\n\t<path class=\"elementor-shape-fill\" d=\"M0 0L2600 0 2600 69.1 0 0z\"\/>\n\t<path class=\"elementor-shape-fill\" style=\"opacity:0.5\" d=\"M0 0L2600 0 2600 69.1 0 69.1z\"\/>\n\t<path class=\"elementor-shape-fill\" style=\"opacity:0.25\" d=\"M2600 0L0 0 0 130.1 2600 69.1z\"\/>\n<\/svg>\t\t<\/div>\n\t\t<div class=\"elementor-element elementor-element-9d7cb13 e-con-full e-flex e-con e-child\" data-id=\"9d7cb13\" data-element_type=\"container\" data-e-type=\"container\" data-settings=\"{&quot;background_background&quot;:&quot;gradient&quot;}\">\n\t\t\t\t<div class=\"elementor-element elementor-element-878d870 elementor-widget elementor-widget-heading\" data-id=\"878d870\" data-element_type=\"widget\" data-e-type=\"widget\" data-widget_type=\"heading.default\">\n\t\t\t\t<div class=\"elementor-widget-container\">\n\t\t\t\t\t<h6 class=\"elementor-heading-title elementor-size-default\">Was ben\u00f6tigen Sie<\/h6>\t\t\t\t<\/div>\n\t\t\t\t<\/div>\n\t\t\t\t<div class=\"elementor-element elementor-element-1304961 elementor-widget elementor-widget-icon-box\" data-id=\"1304961\" data-element_type=\"widget\" data-e-type=\"widget\" data-widget_type=\"icon-box.default\">\n\t\t\t\t<div class=\"elementor-widget-container\">\n\t\t\t\t\t\t\t<div class=\"elementor-icon-box-wrapper\">\n\n\t\t\t\n\t\t\t\t\t\t<div class=\"elementor-icon-box-content\">\n\n\t\t\t\t\t\t\t\t\t<h2 class=\"elementor-icon-box-title\">\n\t\t\t\t\t\t<span  >\n\t\t\t\t\t\t\tKostenlosen Beratungstermin ausmachen\t\t\t\t\t\t<\/span>\n\t\t\t\t\t<\/h2>\n\t\t\t\t\n\t\t\t\t\t\t\t\t\t<p class=\"elementor-icon-box-description\">\n\t\t\t\t\t\tWir wollen wissen wie wir Sie unterst\u00fctzen k\u00f6nnen.\t\t\t\t\t<\/p>\n\t\t\t\t\n\t\t\t<\/div>\n\t\t\t\n\t\t<\/div>\n\t\t\t\t\t\t<\/div>\n\t\t\t\t<\/div>\n\t\t\t\t<div class=\"elementor-element elementor-element-7cd94fd elementor-widget elementor-widget-wpforms\" data-id=\"7cd94fd\" data-element_type=\"widget\" data-e-type=\"widget\" data-widget_type=\"wpforms.default\">\n\t\t\t\t<div class=\"elementor-widget-container\">\n\t\t\t\t\t<div class=\"wpforms-container \" id=\"wpforms-1847\"><form id=\"wpforms-form-1847\" class=\"wpforms-validate wpforms-form wpforms-ajax-form\" data-formid=\"1847\" method=\"post\" enctype=\"multipart\/form-data\" action=\"\/index.php?rest_route=%2Fwp%2Fv2%2Fpages%2F1659\" data-token=\"4271200887af26ab69823aea99561848\" data-token-time=\"1778703034\"><noscript class=\"wpforms-error-noscript\">Please enable JavaScript in your browser to complete this form.<\/noscript><div class=\"wpforms-field-container\"><div id=\"wpforms-1847-field_0-container\" class=\"wpforms-field wpforms-field-name\" data-field-id=\"0\"><label class=\"wpforms-field-label\" for=\"wpforms-1847-field_0\">Name <span class=\"wpforms-required-label\">*<\/span><\/label><input type=\"text\" id=\"wpforms-1847-field_0\" class=\"wpforms-field-medium wpforms-field-required\" name=\"wpforms[fields][0]\" placeholder=\"Magdalena Musterfrau\" required><\/div><div id=\"wpforms-1847-field_1-container\" class=\"wpforms-field wpforms-field-email\" data-field-id=\"1\"><label class=\"wpforms-field-label\" for=\"wpforms-1847-field_1\">Email <span class=\"wpforms-required-label\">*<\/span><\/label><input type=\"email\" id=\"wpforms-1847-field_1\" class=\"wpforms-field-medium wpforms-field-required\" name=\"wpforms[fields][1]\" placeholder=\"magdalena.musterfrau@mail.at\" spellcheck=\"false\" required><\/div><div id=\"wpforms-1847-field_2-container\" class=\"wpforms-field wpforms-field-textarea\" data-field-id=\"2\"><label class=\"wpforms-field-label\" for=\"wpforms-1847-field_2\">Anliegen<\/label><textarea id=\"wpforms-1847-field_2\" class=\"wpforms-field-medium\" name=\"wpforms[fields][2]\" ><\/textarea><\/div><\/div><!-- .wpforms-field-container --><div class=\"wpforms-recaptcha-container wpforms-is-recaptcha wpforms-is-recaptcha-type-v3\" ><input type=\"hidden\" name=\"wpforms[recaptcha]\" value=\"\"><\/div><div class=\"wpforms-submit-container\" ><input type=\"hidden\" name=\"wpforms[id]\" value=\"1847\"><input type=\"hidden\" name=\"page_title\" value=\"\"><input type=\"hidden\" name=\"page_url\" value=\"https:\/\/vm-automatisierung.com\/index.php?rest_route=%2Fwp%2Fv2%2Fpages%2F1659\"><button type=\"submit\" name=\"wpforms[submit]\" id=\"wpforms-submit-1847\" class=\"wpforms-submit\" data-alt-text=\"Sending...\" data-submit-text=\"Absenden\" aria-live=\"assertive\" value=\"wpforms-submit\">Absenden<\/button><img loading=\"lazy\" decoding=\"async\" src=\"https:\/\/vm-automatisierung.com\/wp-content\/plugins\/wpforms-lite\/assets\/images\/submit-spin.svg\" class=\"wpforms-submit-spinner\" style=\"display: none;\" width=\"26\" height=\"26\" alt=\"Loading\"><\/div><\/form><\/div>  <!-- .wpforms-container -->\t\t\t\t<\/div>\n\t\t\t\t<\/div>\n\t\t\t\t<\/div>\n\t\t\t\t\t<\/div>\n\t\t\t\t<\/div>\n\t\t\t\t<\/div>\n\t\t","protected":false},"excerpt":{"rendered":"<p>Dienstleistungen Unsere Dienstleistungen Egal welche Unternehmensgr\u00f6\u00dfe oder Automatisierungslevel Support Stecken Sie bei der Power Platform fest? Unsere Support-Dienstleistungen bieten kosteng\u00fcnstige Hilfe, damit Sie nicht allein gelassen werden. Wir sind davon \u00fcberzeugt, dass Wissen geteilt werden sollte. Deshalb halten wir keine Geheimnisse dar\u00fcber, wie wir Probleme l\u00f6sen. Mit unserem transparenten Ansatz erm\u00f6glichen wir es Ihnen, sich [&hellip;]<\/p>\n","protected":false},"author":1,"featured_media":0,"parent":0,"menu_order":0,"comment_status":"closed","ping_status":"closed","template":"","meta":{"site-sidebar-layout":"no-sidebar","site-content-layout":"page-builder","ast-site-content-layout":"","site-content-style":"default","site-sidebar-style":"default","ast-global-header-display":"","ast-banner-title-visibility":"","ast-main-header-display":"","ast-hfb-above-header-display":"","ast-hfb-below-header-display":"","ast-hfb-mobile-header-display":"","site-post-title":"disabled","ast-breadcrumbs-content":"disabled","ast-featured-img":"disabled","footer-sml-layout":"","theme-transparent-header-meta":"enabled","adv-header-id-meta":"","stick-header-meta":"","header-above-stick-meta":"","header-main-stick-meta":"","header-below-stick-meta":"","astra-migrate-meta-layouts":"default","ast-page-background-enabled":"default","ast-page-background-meta":{"desktop":{"background-color":"","background-image":"","background-repeat":"repeat","background-position":"center center","background-size":"auto","background-attachment":"scroll","background-type":"","background-media":"","overlay-type":"","overlay-color":"","overlay-opacity":"","overlay-gradient":""},"tablet":{"background-color":"","background-image":"","background-repeat":"repeat","background-position":"center center","background-size":"auto","background-attachment":"scroll","background-type":"","background-media":"","overlay-type":"","overlay-color":"","overlay-opacity":"","overlay-gradient":""},"mobile":{"background-color":"","background-image":"","background-repeat":"repeat","background-position":"center center","background-size":"auto","background-attachment":"scroll","background-type":"","background-media":"","overlay-type":"","overlay-color":"","overlay-opacity":"","overlay-gradient":""}},"ast-content-background-meta":{"desktop":{"background-color":"var(--ast-global-color-5)","background-image":"","background-repeat":"repeat","background-position":"center center","background-size":"auto","background-attachment":"scroll","background-type":"","background-media":"","overlay-type":"","overlay-color":"","overlay-opacity":"","overlay-gradient":""},"tablet":{"background-color":"var(--ast-global-color-5)","background-image":"","background-repeat":"repeat","background-position":"center center","background-size":"auto","background-attachment":"scroll","background-type":"","background-media":"","overlay-type":"","overlay-color":"","overlay-opacity":"","overlay-gradient":""},"mobile":{"background-color":"var(--ast-global-color-5)","background-image":"","background-repeat":"repeat","background-position":"center center","background-size":"auto","background-attachment":"scroll","background-type":"","background-media":"","overlay-type":"","overlay-color":"","overlay-opacity":"","overlay-gradient":""}},"footnotes":""},"class_list":["post-1659","page","type-page","status-publish","hentry"],"_links":{"self":[{"href":"https:\/\/vm-automatisierung.com\/index.php?rest_route=\/wp\/v2\/pages\/1659","targetHints":{"allow":["GET"]}}],"collection":[{"href":"https:\/\/vm-automatisierung.com\/index.php?rest_route=\/wp\/v2\/pages"}],"about":[{"href":"https:\/\/vm-automatisierung.com\/index.php?rest_route=\/wp\/v2\/types\/page"}],"author":[{"embeddable":true,"href":"https:\/\/vm-automatisierung.com\/index.php?rest_route=\/wp\/v2\/users\/1"}],"replies":[{"embeddable":true,"href":"https:\/\/vm-automatisierung.com\/index.php?rest_route=%2Fwp%2Fv2%2Fcomments&post=1659"}],"version-history":[{"count":49,"href":"https:\/\/vm-automatisierung.com\/index.php?rest_route=\/wp\/v2\/pages\/1659\/revisions"}],"predecessor-version":[{"id":2327,"href":"https:\/\/vm-automatisierung.com\/index.php?rest_route=\/wp\/v2\/pages\/1659\/revisions\/2327"}],"wp:attachment":[{"href":"https:\/\/vm-automatisierung.com\/index.php?rest_route=%2Fwp%2Fv2%2Fmedia&parent=1659"}],"curies":[{"name":"wp","href":"https:\/\/api.w.org\/{rel}","templated":true}]}}